{"id":431,"date":"2019-04-03T15:59:30","date_gmt":"2019-04-03T11:59:30","guid":{"rendered":"https:\/\/sayt.demosayt.ml\/?page_id=431"},"modified":"2019-04-08T00:21:52","modified_gmt":"2019-04-07T20:21:52","slug":"glavnaya","status":"publish","type":"page","link":"https:\/\/safety.az\/ru\/glavnaya\/","title":{"rendered":"\u0413\u043b\u0430\u0432\u043d\u0430\u044f"},"content":{"rendered":"[vc_row full_width=&#8221;stretch_row&#8221; css=&#8221;.vc_custom_1553936556260{padding-top: 35px !important;padding-bottom: 25px !important;background-color: #eeeeee !important;}&#8221;][vc_column width=&#8221;2\/3&#8243;]<h3 class=\"vcex-module vcex-heading vcex-heading-plain coxoxunan\" style=\"color:#ffffff;\"><span class=\"vcex-heading-inner clr\">\u041f\u043e\u043f\u0443\u043b\u044f\u0440\u043d\u044b\u0435 \u043f\u043e\u0441\u0442\u044b<\/span><\/h3><div class=\"vcex-sshortcode clr\"><div class=\"slaydlar bolme-slayd\">\n        \n    <div class=\"slayd owl-carousel\">\n                    \n            <div class=\"item slayd-hisseleri\">\n                <a href=\"https:\/\/safety.az\/ferdi-muhafize-vasitelerini-is-yerinde-kim-temin-etmelidir\/\">\n                    <div class=\"slayd-hisseleri\" style=\"background: url(https:\/\/safety.az\/wp-content\/uploads\/2020\/02\/ppe-600x400.jpg); background-size: cover\">\n                        <div class=\"overlay\"><\/div>\n                        <div class=\"slayd-hissesi-ucun-basliq\">\n                            <div class=\"slayd-yazi-basliq basliq\">F\u0259rdi m\u00fchafiz\u0259 vasit\u0259l\u0259rini i\u015f yerind\u0259 kim t\u0259min etm\u0259lidir?<\/div>\n                        <\/div>\n                    <\/div>\n                <\/a>\n            <\/div>\n            \n                      \n            <div class=\"item slayd-hisseleri\">\n                <a href=\"https:\/\/safety.az\/dovlet-emeyin-muhafizesi-fondunun-yaradilmasi-ve-esasnamesinin-tesdiq-edilmesi-haqqinda\/\">\n                    <div class=\"slayd-hisseleri\" style=\"background: url(https:\/\/safety.az\/wp-content\/uploads\/2019\/10\/nazirlerkabineti.jpg); background-size: cover\">\n                        <div class=\"overlay\"><\/div>\n                        <div class=\"slayd-hissesi-ucun-basliq\">\n                            <div class=\"slayd-yazi-basliq basliq\">D\u00f6vl\u0259t \u018fm\u0259yin M\u00fchafiz\u0259si Fondunun yarad\u0131lmas\u0131 v\u0259 \u018fsasnam\u0259sinin t\u0259sdiq edilm\u0259si haqq\u0131nda<\/div>\n                        <\/div>\n                    <\/div>\n                <\/a>\n            <\/div>\n            \n                      \n            <div class=\"item slayd-hisseleri\">\n                <a href=\"https:\/\/safety.az\/isiqlandirma-olcmesi\/\">\n                    <div class=\"slayd-hisseleri\" style=\"background: url(https:\/\/safety.az\/wp-content\/uploads\/2019\/10\/aydinlatma-olcumu-yetkili-600x319.jpg); background-size: cover\">\n                        <div class=\"overlay\"><\/div>\n                        <div class=\"slayd-hissesi-ucun-basliq\">\n                            <div class=\"slayd-yazi-basliq basliq\">\u0130\u015f\u0131qland\u0131rma \u00f6l\u00e7m\u0259si<\/div>\n                        <\/div>\n                    <\/div>\n                <\/a>\n            <\/div>\n            \n              <\/div>\n<\/div><\/div>[\/vc_column][vc_column width=&#8221;1\/3&#8243; el_class=&#8221;reklam-bloklarimiz&#8221;]<div class=\"vcex-sshortcode clr\">\n    <div class=\"reklam-sozleri\" style=\"background: #fff; height: 193px; width: 100%; border: 1px solid #ddd\"><a href=\"#\"><div class=\"reklam-metni\">\u0420\u0435\u043a\u043b\u0430\u043c\u0430 \u043d\u0430 \u0441\u0430\u0439\u0442\u0435<span class=\"reklam-olcusu\">(450 x 230)<\/span><\/div><\/a><\/div>\n\n\n    <div class=\"reklam-sozleri\" style=\"background: #fff; height: 193px; width: 100%; margin-top: 15px; border: 1px solid #ddd\"><a href=\"#\"><div class=\"reklam-metni\">\u0420\u0435\u043a\u043b\u0430\u043c\u0430 \u043d\u0430 \u0441\u0430\u0439\u0442\u0435<span class=\"reklam-olcusu\">(450 x 230)<\/span><\/div><\/a><\/div>\n<\/div>[\/vc_column][\/vc_row][vc_row css=&#8221;.vc_custom_1553342497012{margin-top: 40px !important;margin-bottom: 20px !important;}&#8221;][vc_column]<div class=\"vcex-blog-grid-wrap wpex-clr\"><div class=\"wpex-row vcex-blog-grid wpex-clr entries gap-30\" data-transition-duration=\"0.0\"><div class=\"vcex-blog-entry vcex-grid-item entry-has-details span_1_of_4 col-1 col post-874 entry type-post has-media cat-4\"><div class=\"vcex-blog-entry-inner entry-inner wpex-clr\"><div class=\"vcex-blog-entry-media entry-media overlay-parent overlay-parent-plus-hover overlay-h\"><a href=\"https:\/\/safety.az\/ferdi-muhafize-vasitelerini-is-yerinde-kim-temin-etmelidir\/\" title=\"F\u0259rdi m\u00fchafiz\u0259 vasit\u0259l\u0259rini i\u015f yerind\u0259 kim t\u0259min etm\u0259lidir?\"><img class=\"vcex-blog-entry-img\" src=\"https:\/\/safety.az\/wp-content\/uploads\/2020\/02\/ppe-500x350.jpg\" alt='' data-no-retina width=\"500\" height=\"350\" \/>\n<span class=\"overlay-plus-hover overlay-hide theme-overlay\"><\/span><\/a><\/div><div class=\"vcex-blog-entry-details entry-details wpex-clr vc_custom_1554584141202\"><h2 class=\"vcex-blog-entry-title entry-title\" style=\"font-size:20px;line-height:1.3;\"><a href=\"https:\/\/safety.az\/ferdi-muhafize-vasitelerini-is-yerinde-kim-temin-etmelidir\/\">F\u0259rdi m\u00fchafiz\u0259 vasit\u0259l\u0259rini i\u015f yerind\u0259 kim t\u0259min etm\u0259lidir?<\/a><\/h2><div class=\"vcex-blog-entry-excerpt entry-excerpt entry clr\" style=\"font-size:14px;\"><p>F\u0259rdi m\u00fchafiz\u0259 vasit\u0259l\u0259rini (FMV ) i\u015f yerind\u0259 kim t\u0259min etm\u0259lidir? Bu suala \"\u018fm\u0259yin m\u00fchafiz\u0259si haqq\u0131nda&hellip;<\/p><\/div><div class=\"vcex-blog-entry-readmore-wrap entry-readmore-wrap clr\"><a href=\"https:\/\/safety.az\/ferdi-muhafize-vasitelerini-is-yerinde-kim-temin-etmelidir\/\" class=\"theme-txt-link\">\u043f\u043e\u0434\u0440\u043e\u0431\u043d\u0435\u0435 <span class=\"vcex-readmore-rarr\">&rarr;<\/span><\/a><\/div><\/div><\/div><\/div><div class=\"vcex-blog-entry vcex-grid-item entry-has-details span_1_of_4 col-2 col post-860 entry type-post has-media cat-4\"><div class=\"vcex-blog-entry-inner entry-inner wpex-clr\"><div class=\"vcex-blog-entry-media entry-media overlay-parent overlay-parent-plus-hover overlay-h\"><a href=\"https:\/\/safety.az\/dovlet-emeyin-muhafizesi-fondunun-yaradilmasi-ve-esasnamesinin-tesdiq-edilmesi-haqqinda\/\" title=\"D\u00f6vl\u0259t \u018fm\u0259yin M\u00fchafiz\u0259si Fondunun yarad\u0131lmas\u0131 v\u0259 \u018fsasnam\u0259sinin t\u0259sdiq edilm\u0259si haqq\u0131nda\"><img class=\"vcex-blog-entry-img\" src=\"https:\/\/safety.az\/wp-content\/uploads\/2019\/10\/nazirlerkabineti.jpg\" alt='' data-no-retina width=\"400\" height=\"272\" \/>\n<span class=\"overlay-plus-hover overlay-hide theme-overlay\"><\/span><\/a><\/div><div class=\"vcex-blog-entry-details entry-details wpex-clr vc_custom_1554584141202\"><h2 class=\"vcex-blog-entry-title entry-title\" style=\"font-size:20px;line-height:1.3;\"><a href=\"https:\/\/safety.az\/dovlet-emeyin-muhafizesi-fondunun-yaradilmasi-ve-esasnamesinin-tesdiq-edilmesi-haqqinda\/\">D\u00f6vl\u0259t \u018fm\u0259yin M\u00fchafiz\u0259si Fondunun yarad\u0131lmas\u0131 v\u0259 \u018fsasnam\u0259sinin t\u0259sdiq edilm\u0259si haqq\u0131nda<\/a><\/h2><div class=\"vcex-blog-entry-excerpt entry-excerpt entry clr\" style=\"font-size:14px;\"><p>Az\u0259rbaycan Respublikas\u0131 Nazirl\u0259r Kabinetinin Q\u0259rar\u0131 \u2116 423\u00a0 \u00a0 \u00a0 \u00a0 \u00a0Bak\u0131 \u015f\u0259h\u0259ri, 27 sentyabr 2019-cu&hellip;<\/p><\/div><div class=\"vcex-blog-entry-readmore-wrap entry-readmore-wrap clr\"><a href=\"https:\/\/safety.az\/dovlet-emeyin-muhafizesi-fondunun-yaradilmasi-ve-esasnamesinin-tesdiq-edilmesi-haqqinda\/\" class=\"theme-txt-link\">\u043f\u043e\u0434\u0440\u043e\u0431\u043d\u0435\u0435 <span class=\"vcex-readmore-rarr\">&rarr;<\/span><\/a><\/div><\/div><\/div><\/div><div class=\"vcex-blog-entry vcex-grid-item entry-has-details span_1_of_4 col-3 col post-852 entry type-post has-media cat-4\"><div class=\"vcex-blog-entry-inner entry-inner wpex-clr\"><div class=\"vcex-blog-entry-media entry-media overlay-parent overlay-parent-plus-hover overlay-h\"><a href=\"https:\/\/safety.az\/isiqlandirma-olcmesi\/\" title=\"\u0130\u015f\u0131qland\u0131rma \u00f6l\u00e7m\u0259si\"><img class=\"vcex-blog-entry-img\" src=\"https:\/\/safety.az\/wp-content\/uploads\/2019\/10\/aydinlatma-olcumu-yetkili-500x319.jpg\" alt='' data-no-retina width=\"500\" height=\"319\" \/>\n<span class=\"overlay-plus-hover overlay-hide theme-overlay\"><\/span><\/a><\/div><div class=\"vcex-blog-entry-details entry-details wpex-clr vc_custom_1554584141202\"><h2 class=\"vcex-blog-entry-title entry-title\" style=\"font-size:20px;line-height:1.3;\"><a href=\"https:\/\/safety.az\/isiqlandirma-olcmesi\/\">\u0130\u015f\u0131qland\u0131rma \u00f6l\u00e7m\u0259si<\/a><\/h2><div class=\"vcex-blog-entry-excerpt entry-excerpt entry clr\" style=\"font-size:14px;\"><p>\u0130\u015f\u0131qland\u0131rma \u00f6l\u00e7m\u0259si nec\u0259 h\u0259yata ke\u00e7irilir? \u0130\u015f yerind\u0259 i\u015f\u0131qland\u0131rma s\u0259viyy\u0259si standartlar \u00e7\u0259r\u00e7iv\u0259sind\u0259 maksimum v\u0259 minimum h\u0259dl\u0259r&hellip;<\/p><\/div><div class=\"vcex-blog-entry-readmore-wrap entry-readmore-wrap clr\"><a href=\"https:\/\/safety.az\/isiqlandirma-olcmesi\/\" class=\"theme-txt-link\">\u043f\u043e\u0434\u0440\u043e\u0431\u043d\u0435\u0435 <span class=\"vcex-readmore-rarr\">&rarr;<\/span><\/a><\/div><\/div><\/div><\/div><div class=\"vcex-blog-entry vcex-grid-item entry-has-details span_1_of_4 col-4 col post-841 entry type-post has-media cat-4\"><div class=\"vcex-blog-entry-inner entry-inner wpex-clr\"><div class=\"vcex-blog-entry-media entry-media overlay-parent overlay-parent-plus-hover overlay-h\"><a href=\"https:\/\/safety.az\/titreme-vibrasiya-olcmesi\/\" title=\"Titr\u0259m\u0259 (vibrasiya) \u00d6l\u00e7m\u0259si\"><img class=\"vcex-blog-entry-img\" src=\"https:\/\/safety.az\/wp-content\/uploads\/2019\/09\/810-10a-600x402-500x350.jpg\" alt='' data-no-retina width=\"500\" height=\"350\" \/>\n<span class=\"overlay-plus-hover overlay-hide theme-overlay\"><\/span><\/a><\/div><div class=\"vcex-blog-entry-details entry-details wpex-clr vc_custom_1554584141202\"><h2 class=\"vcex-blog-entry-title entry-title\" style=\"font-size:20px;line-height:1.3;\"><a href=\"https:\/\/safety.az\/titreme-vibrasiya-olcmesi\/\">Titr\u0259m\u0259 (vibrasiya) \u00d6l\u00e7m\u0259si<\/a><\/h2><div class=\"vcex-blog-entry-excerpt entry-excerpt entry clr\" style=\"font-size:14px;\"><p>\u0130nsan titr\u0259m\u0259si, titr\u0259m\u0259 s\u0259thl\u0259ri il\u0259 birba\u015fa t\u0259mas n\u0259tic\u0259sind\u0259 insan\u0131n hiss etdiyi vibrasiya kimi m\u00fc\u0259yy\u0259n edilir.&hellip;<\/p><\/div><div class=\"vcex-blog-entry-readmore-wrap entry-readmore-wrap clr\"><a href=\"https:\/\/safety.az\/titreme-vibrasiya-olcmesi\/\" class=\"theme-txt-link\">\u043f\u043e\u0434\u0440\u043e\u0431\u043d\u0435\u0435 <span class=\"vcex-readmore-rarr\">&rarr;<\/span><\/a><\/div><\/div><\/div><\/div><div class=\"vcex-blog-entry vcex-grid-item entry-has-details span_1_of_4 col-1 col post-835 entry type-post has-media cat-4\"><div class=\"vcex-blog-entry-inner entry-inner wpex-clr\"><div class=\"vcex-blog-entry-media entry-media overlay-parent overlay-parent-plus-hover overlay-h\"><a href=\"https:\/\/safety.az\/gi-consulting-group-iosh-tehlukesiz-idareetme-kursu-elan-edir\/\" title=\"G&#038;I Consulting Group &#8220;\u0130OSH T\u018fHL\u00dcK\u018fS\u0130Z \u0130DAR\u018fETM\u018f&#8221; kursu elan edir.\"><img class=\"vcex-blog-entry-img\" src=\"https:\/\/safety.az\/wp-content\/uploads\/2019\/09\/71086302_484047122417864_6812328463765078016_n.jpg\" alt='' data-no-retina width=\"497\" height=\"280\" \/>\n<span class=\"overlay-plus-hover overlay-hide theme-overlay\"><\/span><\/a><\/div><div class=\"vcex-blog-entry-details entry-details wpex-clr vc_custom_1554584141202\"><h2 class=\"vcex-blog-entry-title entry-title\" style=\"font-size:20px;line-height:1.3;\"><a href=\"https:\/\/safety.az\/gi-consulting-group-iosh-tehlukesiz-idareetme-kursu-elan-edir\/\">G&#038;I Consulting Group &#8220;\u0130OSH T\u018fHL\u00dcK\u018fS\u0130Z \u0130DAR\u018fETM\u018f&#8221; kursu elan edir.<\/a><\/h2><div class=\"vcex-blog-entry-excerpt entry-excerpt entry clr\" style=\"font-size:14px;\"><p>Beyn\u0259lxalq \u0130OSH sertifikat\u0131 \u0259ld\u0259 etm\u0259k \u00fc\u00e7\u00fcn \u0130ngilis dilini bilm\u0259yiniz vacib deyil. Kurs v\u0259 imtahan Az\u0259rbaycan&hellip;<\/p><\/div><div class=\"vcex-blog-entry-readmore-wrap entry-readmore-wrap clr\"><a href=\"https:\/\/safety.az\/gi-consulting-group-iosh-tehlukesiz-idareetme-kursu-elan-edir\/\" class=\"theme-txt-link\">\u043f\u043e\u0434\u0440\u043e\u0431\u043d\u0435\u0435 <span class=\"vcex-readmore-rarr\">&rarr;<\/span><\/a><\/div><\/div><\/div><\/div><div class=\"vcex-blog-entry vcex-grid-item entry-has-details span_1_of_4 col-2 col post-832 entry type-post has-media cat-4\"><div class=\"vcex-blog-entry-inner entry-inner wpex-clr\"><div class=\"vcex-blog-entry-media entry-media overlay-parent overlay-parent-plus-hover overlay-h\"><a href=\"https:\/\/safety.az\/toz-olcmesi\/\" title=\"Toz \u00f6l\u00e7m\u0259si\"><img class=\"vcex-blog-entry-img\" src=\"https:\/\/safety.az\/wp-content\/uploads\/2019\/09\/f70539cb4e1331e30072869a2a9ab73b-500x350.jpg\" alt='' data-no-retina width=\"500\" height=\"350\" \/>\n<span class=\"overlay-plus-hover overlay-hide theme-overlay\"><\/span><\/a><\/div><div class=\"vcex-blog-entry-details entry-details wpex-clr vc_custom_1554584141202\"><h2 class=\"vcex-blog-entry-title entry-title\" style=\"font-size:20px;line-height:1.3;\"><a href=\"https:\/\/safety.az\/toz-olcmesi\/\">Toz \u00f6l\u00e7m\u0259si<\/a><\/h2><div class=\"vcex-blog-entry-excerpt entry-excerpt entry clr\" style=\"font-size:14px;\"><p>Toz v\u0259 hiss\u0259cikl\u0259r t\u0259bi\u0259tin v\u0259 insan h\u0259yat\u0131n\u0131n olmazsa olmaz\u0131nlar\u0131ndand\u0131r. Toz h\u0259yat\u0131m\u0131z\u0131n bir hiss\u0259sidir, ya\u015fad\u0131\u011f\u0131m\u0131z h\u0259r&hellip;<\/p><\/div><div class=\"vcex-blog-entry-readmore-wrap entry-readmore-wrap clr\"><a href=\"https:\/\/safety.az\/toz-olcmesi\/\" class=\"theme-txt-link\">\u043f\u043e\u0434\u0440\u043e\u0431\u043d\u0435\u0435 <span class=\"vcex-readmore-rarr\">&rarr;<\/span><\/a><\/div><\/div><\/div><\/div><div class=\"vcex-blog-entry vcex-grid-item entry-has-details span_1_of_4 col-3 col post-827 entry type-post has-media cat-4\"><div class=\"vcex-blog-entry-inner entry-inner wpex-clr\"><div class=\"vcex-blog-entry-media entry-media overlay-parent overlay-parent-plus-hover overlay-h\"><a href=\"https:\/\/safety.az\/gurultu-ses-kuy-olcmesi\/\" title=\"Gurultu (s\u0259s-k\u00fcy) \u00f6l\u00e7m\u0259si\"><img class=\"vcex-blog-entry-img\" src=\"https:\/\/safety.az\/wp-content\/uploads\/2019\/09\/gurultu-olcumu-1030x687-500x350.jpg\" alt='' data-no-retina width=\"500\" height=\"350\" \/>\n<span class=\"overlay-plus-hover overlay-hide theme-overlay\"><\/span><\/a><\/div><div class=\"vcex-blog-entry-details entry-details wpex-clr vc_custom_1554584141202\"><h2 class=\"vcex-blog-entry-title entry-title\" style=\"font-size:20px;line-height:1.3;\"><a href=\"https:\/\/safety.az\/gurultu-ses-kuy-olcmesi\/\">Gurultu (s\u0259s-k\u00fcy) \u00f6l\u00e7m\u0259si<\/a><\/h2><div class=\"vcex-blog-entry-excerpt entry-excerpt entry clr\" style=\"font-size:14px;\"><p>S\u0259s-k\u00fcy \u00f6l\u00e7\u00fclm\u0259si, insan sa\u011flaml\u0131\u011f\u0131n\u0131 z\u0259r\u0259rli v\u0259ziyy\u0259tl\u0259rd\u0259n qorumaq \u00fc\u00e7\u00fcn edilir. S\u0259s-k\u00fcy insan\u0131 narahat edir. M\u0259nas\u0131z s\u0259sl\u0259rin&hellip;<\/p><\/div><div class=\"vcex-blog-entry-readmore-wrap entry-readmore-wrap clr\"><a href=\"https:\/\/safety.az\/gurultu-ses-kuy-olcmesi\/\" class=\"theme-txt-link\">\u043f\u043e\u0434\u0440\u043e\u0431\u043d\u0435\u0435 <span class=\"vcex-readmore-rarr\">&rarr;<\/span><\/a><\/div><\/div><\/div><\/div><div class=\"vcex-blog-entry vcex-grid-item entry-has-details span_1_of_4 col-4 col post-817 entry type-post has-media cat-4\"><div class=\"vcex-blog-entry-inner entry-inner wpex-clr\"><div class=\"vcex-blog-entry-media entry-media overlay-parent overlay-parent-plus-hover overlay-h\"><a href=\"https:\/\/safety.az\/is-saglamligi-ve-tehlukesizlik-tedbirleri-olcmeler\/\" title=\"\u0130\u015f sa\u011flaml\u0131\u011f\u0131 v\u0259 t\u0259hl\u00fck\u0259sizlik t\u0259dbirl\u0259ri &#8211; \u00f6l\u00e7m\u0259l\u0259r\"><img class=\"vcex-blog-entry-img\" src=\"https:\/\/safety.az\/wp-content\/uploads\/2019\/09\/download-1.jpg\" alt='' data-no-retina width=\"263\" height=\"192\" \/>\n<span class=\"overlay-plus-hover overlay-hide theme-overlay\"><\/span><\/a><\/div><div class=\"vcex-blog-entry-details entry-details wpex-clr vc_custom_1554584141202\"><h2 class=\"vcex-blog-entry-title entry-title\" style=\"font-size:20px;line-height:1.3;\"><a href=\"https:\/\/safety.az\/is-saglamligi-ve-tehlukesizlik-tedbirleri-olcmeler\/\">\u0130\u015f sa\u011flaml\u0131\u011f\u0131 v\u0259 t\u0259hl\u00fck\u0259sizlik t\u0259dbirl\u0259ri &#8211; \u00f6l\u00e7m\u0259l\u0259r<\/a><\/h2><div class=\"vcex-blog-entry-excerpt entry-excerpt entry clr\" style=\"font-size:14px;\"><p>\u0130\u015f\u00e7il\u0259rin sa\u011flaml\u0131\u011f\u0131n\u0131 v\u0259 t\u0259hl\u00fck\u0259sizliyini d\u00fc\u015f\u00fcn\u0259n i\u015f yerl\u0259ri periodik olaraq m\u00fcxt\u0259lif \u00f6l\u00e7m\u0259l\u0259r yerin\u0259 yetirirl\u0259r Bu \u00f6l\u00e7m\u0259l\u0259rin&hellip;<\/p><\/div><div class=\"vcex-blog-entry-readmore-wrap entry-readmore-wrap clr\"><a href=\"https:\/\/safety.az\/is-saglamligi-ve-tehlukesizlik-tedbirleri-olcmeler\/\" class=\"theme-txt-link\">\u043f\u043e\u0434\u0440\u043e\u0431\u043d\u0435\u0435 <span class=\"vcex-readmore-rarr\">&rarr;<\/span><\/a><\/div><\/div><\/div><\/div><div class=\"vcex-blog-entry vcex-grid-item entry-has-details span_1_of_4 col-1 col post-808 entry type-post has-media cat-4\"><div class=\"vcex-blog-entry-inner entry-inner wpex-clr\"><div class=\"vcex-blog-entry-media entry-media overlay-parent overlay-parent-plus-hover overlay-h\"><a href=\"https:\/\/safety.az\/kimyevi-maddeleri-saxlama-telimati\/\" title=\"Kimy\u0259vi madd\u0259l\u0259ri saxlama t\u0259limat\u0131\"><img class=\"vcex-blog-entry-img\" src=\"https:\/\/safety.az\/wp-content\/uploads\/2019\/09\/download.jpg\" alt='' data-no-retina width=\"275\" height=\"183\" \/>\n<span class=\"overlay-plus-hover overlay-hide theme-overlay\"><\/span><\/a><\/div><div class=\"vcex-blog-entry-details entry-details wpex-clr vc_custom_1554584141202\"><h2 class=\"vcex-blog-entry-title entry-title\" style=\"font-size:20px;line-height:1.3;\"><a href=\"https:\/\/safety.az\/kimyevi-maddeleri-saxlama-telimati\/\">Kimy\u0259vi madd\u0259l\u0259ri saxlama t\u0259limat\u0131<\/a><\/h2><div class=\"vcex-blog-entry-excerpt entry-excerpt entry clr\" style=\"font-size:14px;\"><p>Kimy\u0259vi madd\u0259l\u0259r qabla\u015fd\u0131rma \u00fc\u00e7\u00fcn paketin uy\u011funlu\u011funa g\u00f6r\u0259 saxlan\u0131l\u0131r. Paketl\u0259r \u00fcst-\u00fcst\u0259 y\u0131\u011fma \u00fc\u00e7\u00fcn uy\u011fun deyils\u0259, y\u0131\u011f\u0131lmamal\u0131d\u0131r.&hellip;<\/p><\/div><div class=\"vcex-blog-entry-readmore-wrap entry-readmore-wrap clr\"><a href=\"https:\/\/safety.az\/kimyevi-maddeleri-saxlama-telimati\/\" class=\"theme-txt-link\">\u043f\u043e\u0434\u0440\u043e\u0431\u043d\u0435\u0435 <span class=\"vcex-readmore-rarr\">&rarr;<\/span><\/a><\/div><\/div><\/div><\/div><div class=\"vcex-blog-entry vcex-grid-item entry-has-details span_1_of_4 col-2 col post-805 entry type-post has-media cat-4\"><div class=\"vcex-blog-entry-inner entry-inner wpex-clr\"><div class=\"vcex-blog-entry-media entry-media overlay-parent overlay-parent-plus-hover overlay-h\"><a href=\"https:\/\/safety.az\/is-stresi-ve-mubarize-usullari-hisse-2\/\" title=\"\u0130\u015f stresi v\u0259 m\u00fcbariz\u0259 \u00fcsullar\u0131 (hiss\u0259 2)\"><img class=\"vcex-blog-entry-img\" src=\"https:\/\/safety.az\/wp-content\/uploads\/2019\/09\/5-Top-Sources-of-Job-Stress-and-How-Work-Flexibility-Helps-353x177.jpg\" alt='' data-no-retina width=\"353\" height=\"177\" \/>\n<span class=\"overlay-plus-hover overlay-hide theme-overlay\"><\/span><\/a><\/div><div class=\"vcex-blog-entry-details entry-details wpex-clr vc_custom_1554584141202\"><h2 class=\"vcex-blog-entry-title entry-title\" style=\"font-size:20px;line-height:1.3;\"><a href=\"https:\/\/safety.az\/is-stresi-ve-mubarize-usullari-hisse-2\/\">\u0130\u015f stresi v\u0259 m\u00fcbariz\u0259 \u00fcsullar\u0131 (hiss\u0259 2)<\/a><\/h2><div class=\"vcex-blog-entry-excerpt entry-excerpt entry clr\" style=\"font-size:14px;\"><p>6) \u0130\u015f yerind\u0259 edilm\u0259li i\u015fl\u0259rl\u0259 m\u0259cburi i\u015fl\u0259r aras\u0131ndak\u0131 balans\u0131 yax\u015f\u0131 qurmal\u0131s\u0131n\u0131z. B\u0259z\u0259n m\u0259cburi i\u015fl\u0259r siyah\u0131s\u0131n\u0131&hellip;<\/p><\/div><div class=\"vcex-blog-entry-readmore-wrap entry-readmore-wrap clr\"><a href=\"https:\/\/safety.az\/is-stresi-ve-mubarize-usullari-hisse-2\/\" class=\"theme-txt-link\">\u043f\u043e\u0434\u0440\u043e\u0431\u043d\u0435\u0435 <span class=\"vcex-readmore-rarr\">&rarr;<\/span><\/a><\/div><\/div><\/div><\/div><div class=\"vcex-blog-entry vcex-grid-item entry-has-details span_1_of_4 col-3 col post-801 entry type-post has-media cat-4\"><div class=\"vcex-blog-entry-inner entry-inner wpex-clr\"><div class=\"vcex-blog-entry-media entry-media overlay-parent overlay-parent-plus-hover overlay-h\"><a href=\"https:\/\/safety.az\/is-stresi-ve-mubarize-usullari-hisse-1\/\" title=\"\u0130\u015f stresi v\u0259 m\u00fcbariz\u0259 \u00fcsullar\u0131 (hiss\u0259 1)\"><img class=\"vcex-blog-entry-img\" src=\"https:\/\/safety.az\/wp-content\/uploads\/2019\/09\/n_2668_is-stresi-500x299.jpg\" alt='' data-no-retina width=\"500\" height=\"299\" \/>\n<span class=\"overlay-plus-hover overlay-hide theme-overlay\"><\/span><\/a><\/div><div class=\"vcex-blog-entry-details entry-details wpex-clr vc_custom_1554584141202\"><h2 class=\"vcex-blog-entry-title entry-title\" style=\"font-size:20px;line-height:1.3;\"><a href=\"https:\/\/safety.az\/is-stresi-ve-mubarize-usullari-hisse-1\/\">\u0130\u015f stresi v\u0259 m\u00fcbariz\u0259 \u00fcsullar\u0131 (hiss\u0259 1)<\/a><\/h2><div class=\"vcex-blog-entry-excerpt entry-excerpt entry clr\" style=\"font-size:14px;\"><p>Stress, insan\u0131n \u00f6hd\u0259sind\u0259n g\u0259lm\u0259 yollar\u0131n\u0131 \u00e7\u0259tinl\u0259\u015fdir\u0259n xarici amill\u0259r\u0259 verdiyi cavab olaraq adland\u0131r\u0131la bil\u0259r. M\u00fc\u0259yy\u0259n bir&hellip;<\/p><\/div><div class=\"vcex-blog-entry-readmore-wrap entry-readmore-wrap clr\"><a href=\"https:\/\/safety.az\/is-stresi-ve-mubarize-usullari-hisse-1\/\" class=\"theme-txt-link\">\u043f\u043e\u0434\u0440\u043e\u0431\u043d\u0435\u0435 <span class=\"vcex-readmore-rarr\">&rarr;<\/span><\/a><\/div><\/div><\/div><\/div><div class=\"vcex-blog-entry vcex-grid-item entry-has-details span_1_of_4 col-4 col post-795 entry type-post has-media cat-4\"><div class=\"vcex-blog-entry-inner entry-inner wpex-clr\"><div class=\"vcex-blog-entry-media entry-media overlay-parent overlay-parent-plus-hover overlay-h\"><a href=\"https:\/\/safety.az\/is-saglamligi-ve-tehlukesizliyi\/\" title=\"\u0130\u015f sa\u011flaml\u0131\u011f\u0131 v\u0259 t\u0259hl\u00fck\u0259sizliyi\"><img class=\"vcex-blog-entry-img\" src=\"https:\/\/safety.az\/wp-content\/uploads\/2019\/09\/2-500x350.jpg\" alt='' data-no-retina width=\"500\" height=\"350\" \/>\n<span class=\"overlay-plus-hover overlay-hide theme-overlay\"><\/span><\/a><\/div><div class=\"vcex-blog-entry-details entry-details wpex-clr vc_custom_1554584141202\"><h2 class=\"vcex-blog-entry-title entry-title\" style=\"font-size:20px;line-height:1.3;\"><a href=\"https:\/\/safety.az\/is-saglamligi-ve-tehlukesizliyi\/\">\u0130\u015f sa\u011flaml\u0131\u011f\u0131 v\u0259 t\u0259hl\u00fck\u0259sizliyi<\/a><\/h2><div class=\"vcex-blog-entry-excerpt entry-excerpt entry clr\" style=\"font-size:14px;\"><p>M\u0259lum oldu\u011fu kimi, i\u015f yerinin f\u0259aliyy\u0259tini davam etdirm\u0259si \u00fc\u00e7\u00fcn istehsal v\u0259 ya xidm\u0259tl\u0259r m\u00fcxt\u0259lif s\u0259viyy\u0259l\u0259rd\u0259&hellip;<\/p><\/div><div class=\"vcex-blog-entry-readmore-wrap entry-readmore-wrap clr\"><a href=\"https:\/\/safety.az\/is-saglamligi-ve-tehlukesizliyi\/\" class=\"theme-txt-link\">\u043f\u043e\u0434\u0440\u043e\u0431\u043d\u0435\u0435 <span class=\"vcex-readmore-rarr\">&rarr;<\/span><\/a><\/div><\/div><\/div><\/div><\/div><\/div>[\/vc_column][\/vc_row]\n","protected":false},"excerpt":{"rendered":"<p>[vc_row full_width=&#8221;stretch_row&#8221; css=&#8221;.vc_custom_1553936556260{padding-top: 35px !important;padding-bottom: 25px !important;background-color: #eeeeee !important;}&#8221;][vc_column width=&#8221;2\/3&#8243;][\/vc_column][vc_column width=&#8221;1\/3&#8243; el_class=&#8221;reklam-bloklarimiz&#8221;][\/vc_column][\/vc_row][vc_row css=&#8221;.vc_custom_1553342497012{margin-top: 40px !important;margin-bottom: 20px !important;}&#8221;][vc_column][\/vc_column][\/vc_row]<\/p>\n","protected":false},"author":1,"featured_media":0,"parent":0,"menu_order":0,"comment_status":"closed","ping_status":"closed","template":"","meta":[],"_links":{"self":[{"href":"https:\/\/safety.az\/ru\/wp-json\/wp\/v2\/pages\/431\/"}],"collection":[{"href":"https:\/\/safety.az\/ru\/wp-json\/wp\/v2\/pages\/"}],"about":[{"href":"https:\/\/safety.az\/ru\/wp-json\/wp\/v2\/types\/page\/"}],"author":[{"embeddable":true,"href":"https:\/\/safety.az\/ru\/wp-json\/wp\/v2\/users\/1\/"}],"replies":[{"embeddable":true,"href":"https:\/\/safety.az\/ru\/wp-json\/wp\/v2\/comments\/?post=431"}],"version-history":[{"count":4,"href":"https:\/\/safety.az\/ru\/wp-json\/wp\/v2\/pages\/431\/revisions\/"}],"predecessor-version":[{"id":586,"href":"https:\/\/safety.az\/ru\/wp-json\/wp\/v2\/pages\/431\/revisions\/586\/"}],"wp:attachment":[{"href":"https:\/\/safety.az\/ru\/wp-json\/wp\/v2\/media\/?parent=431"}],"curies":[{"name":"wp","href":"https:\/\/api.w.org\/{rel}","templated":true}]}}